{"id":482,"date":"2024-08-05T18:00:38","date_gmt":"2024-08-05T16:00:38","guid":{"rendered":"https:\/\/www.fundaciollarmontmelo.cat\/?page_id=482"},"modified":"2024-09-13T14:08:58","modified_gmt":"2024-09-13T12:08:58","slug":"avis-legal","status":"publish","type":"page","link":"https:\/\/www.fundaciollarmontmelo.cat\/es\/avis-legal\/","title":{"rendered":"Av\u00eds legal"},"content":{"rendered":"<div data-elementor-type=\"wp-page\" data-elementor-id=\"482\" class=\"elementor elementor-482\" data-elementor-post-type=\"page\">\n\t\t\t\t<div class=\"elementor-element elementor-element-c3d2b7b e-flex e-con-boxed e-con e-parent\" data-id=\"c3d2b7b\" data-element_type=\"container\">\n\t\t\t\t\t<div class=\"e-con-inner\">\n\t\t\t\t<div class=\"elementor-element elementor-element-f92d03a elementor-widget elementor-widget-heading\" data-id=\"f92d03a\" data-element_type=\"widget\" data-widget_type=\"heading.default\">\n\t\t\t\t<div class=\"elementor-widget-container\">\n\t\t\t\t\t<h2 class=\"elementor-heading-title elementor-size-default\">Av\u00eds legal<\/h2>\t\t\t\t<\/div>\n\t\t\t\t<\/div>\n\t\t\t\t<div class=\"elementor-element elementor-element-5eca99f elementor-widget elementor-widget-text-editor\" data-id=\"5eca99f\" data-element_type=\"widget\" data-widget_type=\"text-editor.default\">\n\t\t\t\t<div class=\"elementor-widget-container\">\n\t\t\t\t\t\t\t\t\t<p><strong>1) Titularitat del lloc Web<\/strong><\/p>\n<p>El propietari del present lloc web \u00e9s:<\/p>\n<p>Fundaci\u00f3 Llar de Gent Gran de Montmel\u00f3 (en endavant Fundaci\u00f3)<br \/>CIF: G09780842<\/p>\n<p>Adre\u00e7a: Pla\u00e7a de la Vila, 1, 08160 de Montmel\u00f3<\/p>\n<p>E-mail: <a href=\"mailto:info@fundaciollarmontmelo.cat\">info@fundaciollarmontmelo.cat<\/a>.<\/p>\n<p><strong>2) Acceptaci\u00f3 de les condicions d\u2019\u00fas<\/strong><\/p>\n<p>Les presents condicions (d&#8217;ara endavant denominades &#8220;Av\u00eds legal&#8221;) tenen per objecte regular l&#8217;\u00fas d&#8217;aquest lloc web.<\/p>\n<p>L&#8217;acc\u00e9s i la navegaci\u00f3 en el lloc web, o l&#8217;\u00fas dels serveis de la mateixa \u00e9s lliure,\u00a0 voluntari i atribueix la condici\u00f3 d&#8217;Usuari, suposant aix\u00ed l&#8217;acceptaci\u00f3 expressa i plena per aquest Usuari de totes i cadascuna de les condicions que s&#8217;incorporen a aquest Av\u00eds legal.<\/p>\n<p>La Fundaci\u00f3 es reserva el dret a modificar sense previ av\u00eds el contingut d&#8217;aquest av\u00eds legal, per tant, i per a una correcta utilitzaci\u00f3 del lloc web, li recomanem que visiti peri\u00f2dicament aquesta secci\u00f3.<\/p>\n<p><strong>3) Condicions generals d\u2019\u00fas de la web <\/strong><\/p>\n<p>L&#8217;Usuari, a l&#8217;acceptar les presents condicions, s&#8217;obliga expressament a:<\/p>\n<ul>\n<li>Utilitzar els continguts de manera diligent, correcta i l\u00edcita i, en particular, es compromet a abstenir-se a utilitzar els continguts de forma, amb fins o efectes contraris a aquest Av\u00eds Legal, la llei, a la moral i als bons costums generalment acceptats o a l&#8217;ordre p\u00fablic. En especial, els usuaris i les usu\u00e0ries han d&#8217;evitar tota conducta que pugui atemptar contra el principi de no discriminaci\u00f3 per raons de sexe, ra\u00e7a, religi\u00f3, ideologia o qualsevol altra circumst\u00e0ncia personal o social.<\/li>\n<li>No realitzar cap acci\u00f3 destinada perjudicar, bloquejar, danyar, inutilitzar, sobrecarregar, de manera temporal o definitiva, les funcionalitats, eines, continguts i \/ o la infraestructura de la p\u00e0gina web, de manera que impedeixi el seu \u00fas normal.<\/li>\n<li>No difondre, transmetre o posar a disposici\u00f3 de tercers qualsevol tipus d\u2019informaci\u00f3, element o material contingut en aquest Lloc Web amb finalitats il\u00b7l\u00edcites i expressament prohibides en el present Av\u00eds Legal, i que resultin contraries als drets i interessos de la Fundaci\u00f3, els seus usuaris i \/ o tercers, aix\u00ed com a la normativa de violacions de secret a les comunicacions, violaci\u00f3 de secrets empresarials, protecci\u00f3 de dades personals, propietat intel\u00b7lectual, propietat industrial, dret a la compet\u00e8ncia o qualsevol altra normativa aplicable de l\u2019ordenament jur\u00eddic.<\/li>\n<\/ul>\n<p>En conseq\u00fc\u00e8ncia, la Fundaci\u00f3 es reserva el dret a excloure les usu\u00e0ries i els usuaris que incompleixin les condicions d&#8217;acc\u00e9s i \u00fas del lloc web sense av\u00eds previ, i a adoptar totes les mesures que consideri oportunes en cada moment per tal d&#8217;evitar les activitats i les conductes descrites.<\/p>\n<p><strong>4) Propietat Intel\u00b7lectual i Industrial<\/strong><\/p>\n<p>Tota la informaci\u00f3, continguts d\u2019aquest portal d\u2019Internet, aix\u00ed com el seu disseny gr\u00e0fic i els codis que cont\u00e9 s\u00f3n propietat de la Fundaci\u00f3 o de tercers que ho han autoritzat l\u2019\u00fas. La reproducci\u00f3, distribuci\u00f3, comercialitzaci\u00f3, transformaci\u00f3, comunicaci\u00f3 p\u00fablica no autoritzades d\u2019aquestes obres, constitueix una infracci\u00f3 dels drets de propietat intel\u00b7lectual.<\/p>\n<p>Aix\u00ed mateix, tampoc es podr\u00e0 realitzar cap \u00fas comercial dels noms comercials, marques o signes distintius, dissenys industrials, patents, continguts al portal. Aquests son propietat de la Fundaci\u00f3 i\/o tercers i estan protegits per la normativa vigent sobre propietat industrial No es podr\u00e0 fer cap \u00fas, llevat que es compti amb l&#8217;autoritzaci\u00f3 del titular dels corresponents drets o aix\u00f2 resulti legalment perm\u00e8s.<\/p>\n<p>En el cas que qualsevol usuari o tercer consideri que algun dels continguts del lloc web infringeix els seus drets de propietat intel\u00b7lectual o industrial, haur\u00e0 d\u2019enviar una comunicaci\u00f3 a <a href=\"mailto:info@fundaciollarmontmelo.cat\">info@fundaciollarmontmelo.cat<\/a><\/p>\n<p><strong>5) Limitaci\u00f3 De Responsabilitats<\/strong><\/p>\n<p>La Fundaci\u00f3 es reserva el dret a interrompre l\u2019acc\u00e9s al seu lloc web, aix\u00ed com la prestaci\u00f3 de qualsevol servei a trav\u00e9s del mateix en qualsevol moment i sense previ av\u00eds, sigui per motius t\u00e8cnics, de seguretat, de manteniment o per qualsevol altra causa.<\/p>\n<p>La Fundaci\u00f3 no ser\u00e0 responsable en cas de que s\u2019hagi d\u2019interrompre el servei, retard o mal funcionament i altres inconvenients que tinguin el seu origen en causes que s\u2019escapen del control de La Fundaci\u00f3 i\/o siguin degudes a una actuaci\u00f3 dolosa o culpable de l\u2019usuari i\/o tinguin el seu origen per causes de for\u00e7a major.<\/p>\n<p>La informaci\u00f3 continguda en aquest lloc web pot no ser correcta, malgrat els esfor\u00e7os duts a terme per aconseguir-ne l\u2019exactitud i l\u2019actualitzaci\u00f3. En conseq\u00fc\u00e8ncia, La Fundaci\u00f3 no es responsabilitza dels errors continguts, ni dels danys o perjudicis derivats de la seva utilitzaci\u00f3.<\/p>\n<p>Aquest lloc web cont\u00e9 enlla\u00e7os a altres llocs webs del contingut, la utilitat o l\u2019exactitud dels quals no es pot responsabilitzar La Fundaci\u00f3. La incorporaci\u00f3 d&#8217;un enlla\u00e7 en aquest lloc web no pot considerar-se una recomanaci\u00f3 als usuaris perqu\u00e8 l\u2019utilitzin; la decisi\u00f3 d&#8217;utilitzar-lo \u00e9s responsabilitat d&#8217;aquests \u00faltims.<\/p>\n<p>La Fundaci\u00f3 no es fa responsable dels danys i els perjudicis derivats de l&#8217;\u00fas d&#8217;aquest lloc web o dels seus continguts, i no garanteix l&#8217;abs\u00e8ncia de virus o la impossibilitat de causar danys en els sistemes inform\u00e0tics de l&#8217;usuari.<\/p>\n<p>La Fundaci\u00f3 no es responsabilitza del mal \u00fas que es pugui fer d&#8217;aquest lloc web.<\/p>\n<p>La utilitzaci\u00f3 no autoritzada de la informaci\u00f3 continguda en aquest portal, aix\u00ed com els perjudicis ocasionats a la Fundaci\u00f3, poden donar lloc a l&#8217;exercici de les accions que legalment corresponguin i, si s&#8217;escau, a les responsabilitats que es derivin de l&#8217;exercici esmentat.<\/p>\n<p><strong>6) Tractament de Dades Personals<\/strong><\/p>\n<p>El tractament de les dades dels usuaris es realitzar\u00e0 \u00fanicament i exclusivament per als serveis que sol\u00b7licita i les compet\u00e8ncies pr\u00f2pies de la Fundaci\u00f3 d&#8217;acord a la normativa vigent en mat\u00e8ria de protecci\u00f3 de dades. L&#8217;usuari pot consultar el detall del tractament de dades que realitzem a la <a href=\"https:\/\/www.fundaciollarmontmelo.cat\/es\/politica-privacidad\/\">Pol\u00edtica de privacitat<\/a>.<\/p>\n<p>La Fundaci\u00f3 es compromet a complir amb el deure de secret i confidencialitat respecte de les dades personals subministrades per l&#8217;usuari i a aplicar les mesures necess\u00e0ries adients per tal de garantir la confidencialitat, disponibilitat i integritat\u00a0 de la informaci\u00f3 i dades personals.<\/p>\n<p><strong>7) \u00das de Cookies <\/strong><\/p>\n<p>La Fundaci\u00f3 informa que aquest lloc web utilitza galetes (cookies) que permeten donar un millor servei a l\u2019usuari. Les cookies no recullen informaci\u00f3 de l\u2019usuari, sent totalment an\u00f2nim i sense possibilitat de ser associada a un usuari concret ni identificat.<\/p>\n<p>La vig\u00e8ncia d\u2019aquestes galetes es limita a la necess\u00e0ria per aconseguir aquests objectius. L\u2019usuari t\u00e9 la possibilitat de configurar el seu navegador d\u2019Internet per a obtenir un millor coneixement i control de les galetes. L\u2019usuari pot obtenir m\u00e9s informaci\u00f3 sobre l\u2019\u00fas de les cookies a Pol\u00edtica de cookies.<\/p>\n<p><strong>8) Legislaci\u00f3 aplicable i Tribunals competents<\/strong><\/p>\n<p>Les condicions d&#8217;aquest lloc web i les relacions entre l&#8217;usuari i la Fundaci\u00f3 es regiran per la legislaci\u00f3 espanyola.<\/p>\n<p>Per con\u00e8ixer de qualsevol discrep\u00e0ncia que pugui sorgir entre l\u2019usuari i la Fundaci\u00f3 ambdues parts es sotmeten als Jutges i Tribunals del partit judicial de Mollet del Vall\u00e9s o aquells que corresponguin segons les normes processals aplicables en cada cas.<\/p>\t\t\t\t\t\t\t\t<\/div>\n\t\t\t\t<\/div>\n\t\t\t\t\t<\/div>\n\t\t\t\t<\/div>\n\t\t\t\t<\/div>","protected":false},"excerpt":{"rendered":"<p>1) Titularitat del lloc Web El propietari del present lloc web \u00e9s: Fundaci\u00f3 Llar de Gent Gran de Montmel\u00f3 (en endavant Fundaci\u00f3)CIF: G09780842 Adre\u00e7a: Pla\u00e7a de la Vila, 1, 08160 de Montmel\u00f3 E-mail: info@fundaciollarmontmelo.cat. 2) Acceptaci\u00f3 de les condicions d\u2019\u00fas Les presents condicions (d&#8217;ara endavant denominades &#8220;Av\u00eds legal&#8221;) tenen per objecte regular l&#8217;\u00fas d&#8217;aquest lloc [&hellip;]<\/p>\n","protected":false},"author":1,"featured_media":0,"parent":0,"menu_order":0,"comment_status":"closed","ping_status":"closed","template":"","meta":{"_acf_changed":false,"footnotes":""},"class_list":["post-482","page","type-page","status-publish","hentry"],"acf":[],"_links":{"self":[{"href":"https:\/\/www.fundaciollarmontmelo.cat\/es\/wp-json\/wp\/v2\/pages\/482","targetHints":{"allow":["GET"]}}],"collection":[{"href":"https:\/\/www.fundaciollarmontmelo.cat\/es\/wp-json\/wp\/v2\/pages"}],"about":[{"href":"https:\/\/www.fundaciollarmontmelo.cat\/es\/wp-json\/wp\/v2\/types\/page"}],"author":[{"embeddable":true,"href":"https:\/\/www.fundaciollarmontmelo.cat\/es\/wp-json\/wp\/v2\/users\/1"}],"replies":[{"embeddable":true,"href":"https:\/\/www.fundaciollarmontmelo.cat\/es\/wp-json\/wp\/v2\/comments?post=482"}],"version-history":[{"count":7,"href":"https:\/\/www.fundaciollarmontmelo.cat\/es\/wp-json\/wp\/v2\/pages\/482\/revisions"}],"predecessor-version":[{"id":1191,"href":"https:\/\/www.fundaciollarmontmelo.cat\/es\/wp-json\/wp\/v2\/pages\/482\/revisions\/1191"}],"wp:attachment":[{"href":"https:\/\/www.fundaciollarmontmelo.cat\/es\/wp-json\/wp\/v2\/media?parent=482"}],"curies":[{"name":"wp","href":"https:\/\/api.w.org\/{rel}","templated":true}]}}