{"id":3,"date":"2024-07-24T12:24:45","date_gmt":"2024-07-24T10:24:45","guid":{"rendered":"https:\/\/www.fundaciollarmontmelo.cat\/?page_id=3"},"modified":"2025-04-29T13:25:39","modified_gmt":"2025-04-29T11:25:39","slug":"proteccio-de-dades","status":"publish","type":"page","link":"https:\/\/www.fundaciollarmontmelo.cat\/es\/proteccio-de-dades\/","title":{"rendered":"Protecci\u00f3 de dades"},"content":{"rendered":"<div data-elementor-type=\"wp-page\" data-elementor-id=\"3\" class=\"elementor elementor-3\" data-elementor-post-type=\"page\">\n\t\t\t\t<div class=\"elementor-element elementor-element-c3d2b7b e-flex e-con-boxed e-con e-parent\" data-id=\"c3d2b7b\" data-element_type=\"container\">\n\t\t\t\t\t<div class=\"e-con-inner\">\n\t\t\t\t<div class=\"elementor-element elementor-element-3a1500e elementor-widget elementor-widget-heading\" data-id=\"3a1500e\" data-element_type=\"widget\" data-widget_type=\"heading.default\">\n\t\t\t\t<div class=\"elementor-widget-container\">\n\t\t\t\t\t<h2 class=\"elementor-heading-title elementor-size-default\">Protecci\u00f3 de dades<\/h2>\t\t\t\t<\/div>\n\t\t\t\t<\/div>\n\t\t\t\t<div class=\"elementor-element elementor-element-5eca99f elementor-widget elementor-widget-text-editor\" data-id=\"5eca99f\" data-element_type=\"widget\" data-widget_type=\"text-editor.default\">\n\t\t\t\t<div class=\"elementor-widget-container\">\n\t\t\t\t\t\t\t\t\t<p>De conformitat amb el Reglament (UE) 2016\/679, de 27 d\u2019abril de 2016, relatiu a la protecci\u00f3 de les persones f\u00edsiques pel que fa al tractament de dades personals i a la lliure circulaci\u00f3 d\u2019aquestes dades i la Llei 3\/2018, de 5 de desembre, de Protecci\u00f3 de Dades Personals i Garantia dels Drets Digitals, es posa a disposici\u00f3 dels usuaris i usu\u00e0ries de la Pol\u00edtica de Protecci\u00f3 de dades personals.<\/p>\n<p><strong>1.- Identitat del responsable de tractament<\/strong><\/p>\n<p>El responsable del tractament de les dades personals recollides al web corporatiu \u00a0\u00e9s:<\/p>\n<table>\n<tbody>\n<tr>\n<td width=\"198\">\n<p>FUNDACI\u00d3 LLAR DE GENT GRAN DE MONTMEL\u00d3 (en endavant Fundaci\u00f3)<\/p>\n<\/td>\n<td width=\"371\">\n<p>CIF: G09780842<\/p>\n<p>Adre\u00e7a: Pla\u00e7a de la Vila, 1 08160 Montmel\u00f3 (Barcelona)<\/p>\n<p>\u00a0<\/p>\n<p>\u00a0<\/p>\n<\/td>\n<\/tr>\n<\/tbody>\n<\/table>\n<p><strong>3.- Finalitat i temps de conservaci\u00f3 dels tractaments de dades. <\/strong><\/p>\n<p>Les dades que ens facilita pels diferents mitjans, formularis de contacte, enquestes o procediments en el moment de la recollida de dades, \u00e9s conforme amb la legislaci\u00f3 vigent en mat\u00e8ria de protecci\u00f3 de dades i es realitza amb l\u2019\u00fanica finalitat de prestar-li el servei que ens sol\u00b7licita.<\/p>\n<p>A cadascun d&#8217;aquests mitjans s\u2019informa detalladament de la finalitat del tractament i que el tractament es portar\u00e0 a terme \u00fanica i exclusivament si s\u2019ha autoritzat.A continuaci\u00f3 detallem la informaci\u00f3 relativa als diferents tractaments que es porten a terme des de la Fundaci\u00f3.<\/p>\n<table width=\"567\">\n<tbody>\n<tr>\n<td width=\"132\">\n<p><strong>Tractament <\/strong><\/p>\n<p><strong>\u00a0<\/strong><\/p>\n<\/td>\n<td width=\"217\">\n<p><strong>Per a qu\u00e8 farem servir les seves dades<\/strong><\/p>\n<\/td>\n<td width=\"217\">\n<p><strong>Quant de temps conservarem les seves dades<\/strong><\/p>\n<\/td>\n<\/tr>\n<tr>\n<td width=\"132\">\n<p>Prestaci\u00f3 de serveis de la Fundaci\u00f3 de Llar de Gent Gran (resid\u00e8ncia, centre de dia i menjador social)<\/p>\n<\/td>\n<td width=\"217\">\n<p>Tractarem la informaci\u00f3 per a la gesti\u00f3 del tr\u00e0mit que hagi sol\u00b7licitat. Aquest tractament es portar\u00e0 a terme en nom de l\u2019Ajuntament de Montmel\u00f3. Les seves dades podran ser cedides a tercers en el cas que el servei ho requereixi i per donar compliment a les obligacions legals.<\/p>\n<\/td>\n<td width=\"217\">\n<p>Un cop finalitzi el tr\u00e0mit o servei no es far\u00e0 \u00fas de les seves dades, no obstant aix\u00f2, es conservaran el temps obligatori d\u2019acord amb el que estableix el Quadre de Classificaci\u00f3 de l\u2019Ajuntament de Montmel\u00f3 i Taules\u00a0 d\u2019Avaluaci\u00f3 Documental de la Generalitat de Catalunya per a cada tr\u00e0mit.<\/p>\n<\/td>\n<\/tr>\n<tr>\n<td width=\"132\">\n<p>Subscripcions<\/p>\n<\/td>\n<td width=\"217\">\n<p>Li remetrem informaci\u00f3 dels nostres serveis i activitats, si aix\u00ed ho autoritza pr\u00e8viament. Les seves dades no seran cedides a tercers.<\/p>\n<\/td>\n<td width=\"217\">\n<p>Les seves dades personals es conservaran fins al moment en qu\u00e8 sol\u00b7liciti no rebre les nostres comunicacions, en aquell moment es suprimiran.<\/p>\n<p>\u00a0<\/p>\n<p>Podr\u00e0 sol\u00b7licitar la supressi\u00f3 en qualsevol moment mitjan\u00e7ant la informaci\u00f3 que apareix en cada comunicat.<\/p>\n<\/td>\n<\/tr>\n<tr>\n<td width=\"132\">\n<p>B\u00fastia de contacte, queixes o suggeriments<\/p>\n<\/td>\n<td width=\"217\">\n<p>Tractarem les seves dades per contestar la seva sol\u00b7licitud, q\u00fcestions o dubtes. Les seves dades no seran cedides a tercers.<\/p>\n<\/td>\n<td width=\"217\">\n<p>Les seves dades personals es conservaran fins al moment en qu\u00e8 s&#8217;hagi contestat a la seva sol\u00b7licitud i dut a terme les accions que siguin adequades.<\/p>\n<p>\u00a0<\/p>\n<p>Despr\u00e9s d&#8217;aix\u00f2 es suprimiran transcorreguts els terminis de conservaci\u00f3 legal i \u00a0\u00a0excepte que es puguin derivar responsabilitats administratives, civils, laborals i\/o penals.<\/p>\n<\/td>\n<\/tr>\n<tr>\n<td width=\"132\">\n<p>V\u00eddeo vigil\u00e0ncia<\/p>\n<\/td>\n<td width=\"217\">\n<p>Tractarem les seves dades amb la finalitat de controlar els accessos del edifici de la Fundaci\u00f3 i aix\u00ed garantir la seguretat dels b\u00e9ns i les persones.<\/p>\n<\/td>\n<td width=\"217\">\n<p>Les seves dades personals es conservaran durant un termini m\u00e0xim de 30 dies d\u2019acord amb la Llei 3\/2018 de Protecci\u00f3 de Dades Personals i Garantia dels Drets Digitals.<\/p>\n<\/td>\n<\/tr>\n<\/tbody>\n<\/table>\n<p>Per a m\u00e9s informaci\u00f3 pot consultar el Registre d\u2019Activitats de Tractament de la Fundaci\u00f3 de la Llar de Gent Gran de Montmel\u00f3 i l\u2019Ajuntament de Montmel\u00f3. \u00a0\u00a0<\/p>\n<p>La base legal per al tractament de les seves dades \u00e9s l&#8217;exercici de les compet\u00e8ncies pr\u00f2pies de la Fundaci\u00f3 de la Llar de Gent Gran de Montmel\u00f3 i\/o l\u2019Ajuntament, portar a terme la prestaci\u00f3 dels serveis que ens ha sol\u00b7licitat i el consentiment de l\u2019interessat.<\/p>\n<p>En cap cas es duran a terme decisions automatitzades a partir de les seves dades.<\/p>\n<p>No es transferiran les seves dades personals fora de l&#8217;Espai Econ\u00f2mic Europeu ni de pa\u00efsos que no tinguin un nivell de compliment exigit per la legislaci\u00f3 o sense disposar de la seva autoritzaci\u00f3 expressa pr\u00e8via.<\/p>\n<p>Tota la informaci\u00f3 que facilita l\u2019usuari ha de ser vera\u00e7. L\u2019usuari \u00e9s l\u2019\u00fanic responsable de les manifestacions falses o inexactes que realitzi i del perjudicis que causi a la Fundaci\u00f3 o a tercers. La Fundaci\u00f3 es reserva el dret a excloure dels serveis a tot usuari que hagi facilitat dades falses, sense perjudici de les altres accions que procedeixin en Dret.<\/p>\n<p><strong>5.- Cessi\u00f3 o comunicaci\u00f3 de dades a tercers<\/strong><\/p>\n<p>Per tal de prestar correctament el servei es podran proporcionar les dades a entitats que ens prestin serveis (programari corporatiu, allotjaments web, derivacions de serveis) i aquestes tractaran les seves dades com a \u201cencarregats de tractament\u201d.<\/p>\n<p>Aquesta gesti\u00f3 de les seves dades es realitza \u00fanicament i exclusivament per a garantir la realitzaci\u00f3, seguretat i disponibilitat dels serveis que li oferim, garantint que aquestes entitats apliquin les mesures d\u2019\u00edndole t\u00e8cnica, jur\u00eddica i organitzativa i millors pr\u00e0ctiques de seguretat de la informaci\u00f3. Evitant aix\u00ed, la seva alteraci\u00f3, p\u00e8rdua, tractament o acc\u00e9s no autoritzat i altres obligacions en la mat\u00e8ria que exigeixi la normativa a cada moment.<\/p>\n<p>Fora d\u2019aquesta situaci\u00f3, no es realitza cap comunicaci\u00f3 de les seves dades personals a tercers, excepte que siguin requerides per les autoritats p\u00fabliques competents i\/o altres entitats, de conformitat amb les disposicions legals i reglament\u00e0ries aplicables en cada moment.<\/p>\n<p><strong>5.- Els seus drets en facilitar les seves dades<\/strong><\/p>\n<p>En qualsevol moment pot sol\u00b7licitar i obtenir informaci\u00f3 de com i per a qu\u00e8 estem tractant les seves dades, exercint els seg\u00fcents drets:<\/p>\n<ul>\n<li>Acc\u00e9s a les seves dades: sol\u00b7licitar quines dades tenim\u00a0 i quin \u00fas en fem.<\/li>\n<li>Rectificar les seves dades: sol\u00b7licitar la modificaci\u00f3 o rectificaci\u00f3 de les dades inexactes.<\/li>\n<li>Suprimir les seves dades: sol\u00b7licitar que les dades siguin eliminades i no es faci tractament d&#8217;elles, fora del que la llei ens exigeixi conservar.<\/li>\n<li>Limitar el tractament: sol\u00b7licitar que les dades siguin conservades per necessitats legals.<\/li>\n<li>Oposar-se a un tractament: sol\u00b7licitar que no es faci un \u00fas concret de les seves dades.<\/li>\n<li>Portabilitat de les seves dades: sol\u00b7licitar que li lliurem les dades en un format compatible per que ho lliuri a un tercer que li hagi d\u2019oferir un servei.<\/li>\n<\/ul>\n<p>Podeu exercir aquests drets mitjan\u00e7ant la remissi\u00f3 d\u2019un escrit dirigit al responsable del tractament: Pla\u00e7a de l\u2019Ajuntament 1, 08160 Montmel\u00f3 (Barcelona), o mitjan\u00e7ant inst\u00e0ncia a la Seu Electr\u00f2nica.<\/p>\n<p><strong>5.- Informaci\u00f3 addicional sobre el tractament de dades personals<\/strong><\/p>\n<p>Si desitja con\u00e8ixer m\u00e9s informaci\u00f3 sobre els tractaments de dades personals que porta a terme la Fundaci\u00f3 de Llar de Gent Gran de Montmel\u00f3 es pot posar en contacte amb el Delegat de Protecci\u00f3 de Dades:<\/p>\n<ul>\n<li>Delegat de Protecci\u00f3 de Dades<\/li>\n<li>E-mail : <a href=\"mailto:dpd@montmelo.cat\">dpd@montmelo.cat<\/a><\/li>\n<li>Direcci\u00f3 postal: Pla\u00e7a de l\u2019Ajuntament 1, 08160 Montmel\u00f3 (Barcelona)<\/li>\n<\/ul>\n<p><strong>6.- Presentaci\u00f3 de reclamacions<\/strong><\/p>\n<p>L\u2019Autoritat Catalana de Protecci\u00f3 de Dades ( <a href=\"http:\/\/www.apdcat.cat\" target=\"_blank\" rel=\"noopener\">www.apdcat.cat<\/a> ) \u00e9s l\u2019Organisme Supervisor que vetlla pel compliment de la legislaci\u00f3 de protecci\u00f3 de dades a l\u2019Administraci\u00f3 P\u00fablica Catalana, si vost\u00e8 considera que la Fundaci\u00f3 ha incomplert algun dels preceptes establerts en aquesta normativa s\u2019hi pot dirigir per tal d\u2019interposar-hi una reclamaci\u00f3.<\/p>\t\t\t\t\t\t\t\t<\/div>\n\t\t\t\t<\/div>\n\t\t\t\t\t<\/div>\n\t\t\t\t<\/div>\n\t\t\t\t<\/div>","protected":false},"excerpt":{"rendered":"<p>De conformitat amb el Reglament (UE) 2016\/679, de 27 d\u2019abril de 2016, relatiu a la protecci\u00f3 de les persones f\u00edsiques pel que fa al tractament de dades personals i a la lliure circulaci\u00f3 d\u2019aquestes dades i la Llei 3\/2018, de 5 de desembre, de Protecci\u00f3 de Dades Personals i Garantia dels Drets Digitals, es posa [&hellip;]<\/p>\n","protected":false},"author":1,"featured_media":0,"parent":0,"menu_order":0,"comment_status":"closed","ping_status":"closed","template":"","meta":{"_acf_changed":false,"footnotes":""},"class_list":["post-3","page","type-page","status-publish","hentry"],"acf":[],"_links":{"self":[{"href":"https:\/\/www.fundaciollarmontmelo.cat\/es\/wp-json\/wp\/v2\/pages\/3","targetHints":{"allow":["GET"]}}],"collection":[{"href":"https:\/\/www.fundaciollarmontmelo.cat\/es\/wp-json\/wp\/v2\/pages"}],"about":[{"href":"https:\/\/www.fundaciollarmontmelo.cat\/es\/wp-json\/wp\/v2\/types\/page"}],"author":[{"embeddable":true,"href":"https:\/\/www.fundaciollarmontmelo.cat\/es\/wp-json\/wp\/v2\/users\/1"}],"replies":[{"embeddable":true,"href":"https:\/\/www.fundaciollarmontmelo.cat\/es\/wp-json\/wp\/v2\/comments?post=3"}],"version-history":[{"count":12,"href":"https:\/\/www.fundaciollarmontmelo.cat\/es\/wp-json\/wp\/v2\/pages\/3\/revisions"}],"predecessor-version":[{"id":1788,"href":"https:\/\/www.fundaciollarmontmelo.cat\/es\/wp-json\/wp\/v2\/pages\/3\/revisions\/1788"}],"wp:attachment":[{"href":"https:\/\/www.fundaciollarmontmelo.cat\/es\/wp-json\/wp\/v2\/media?parent=3"}],"curies":[{"name":"wp","href":"https:\/\/api.w.org\/{rel}","templated":true}]}}