{"id":1227,"date":"2024-09-13T16:06:37","date_gmt":"2024-09-13T14:06:37","guid":{"rendered":"https:\/\/www.fundaciollarmontmelo.cat\/?page_id=1227"},"modified":"2024-09-23T10:05:38","modified_gmt":"2024-09-23T08:05:38","slug":"politica-de-cookies","status":"publish","type":"page","link":"https:\/\/www.fundaciollarmontmelo.cat\/es\/politica-de-cookies\/","title":{"rendered":"Pol\u00edtica de cookies"},"content":{"rendered":"<div data-elementor-type=\"wp-page\" data-elementor-id=\"1227\" class=\"elementor elementor-1227\" data-elementor-post-type=\"page\">\n\t\t\t\t<div class=\"elementor-element elementor-element-c3d2b7b e-flex e-con-boxed e-con e-parent\" data-id=\"c3d2b7b\" data-element_type=\"container\">\n\t\t\t\t\t<div class=\"e-con-inner\">\n\t\t\t\t<div class=\"elementor-element elementor-element-3a1500e elementor-widget elementor-widget-heading\" data-id=\"3a1500e\" data-element_type=\"widget\" data-widget_type=\"heading.default\">\n\t\t\t\t<div class=\"elementor-widget-container\">\n\t\t\t\t\t<h2 class=\"elementor-heading-title elementor-size-default\">Pol\u00edtica de cookies<\/h2>\t\t\t\t<\/div>\n\t\t\t\t<\/div>\n\t\t\t\t<div class=\"elementor-element elementor-element-5eca99f elementor-widget elementor-widget-text-editor\" data-id=\"5eca99f\" data-element_type=\"widget\" data-widget_type=\"text-editor.default\">\n\t\t\t\t<div class=\"elementor-widget-container\">\n\t\t\t\t\t\t\t\t\t<p>En compliment de l\u2019article 22 de la Llei de Serveis de la Societat de la Informaci\u00f3 i Comer\u00e7 Electr\u00f2nic i la Guia de l\u2019\u00fas de les Cookies de l\u2019AEPD, l\u2019informem que aquest portal web utilitza cookies.<\/p><p>Les cookies s\u00f3n petits arxius de text en els quals els navegadors emmagatzemen informaci\u00f3 durant les visites a les p\u00e0gines web. A les cookies, s&#8217;hi poden recollir dades com l&#8217;adre\u00e7a IP, l&#8217;adre\u00e7a que s&#8217;est\u00e0 visitant, el sistema operatiu, l&#8217;idioma de navegaci\u00f3, a m\u00e9s d&#8217;altra informaci\u00f3. Aquesta informaci\u00f3 no queda associada a cap persona concreta sin\u00f3 que \u00e9s \u00fanicament informaci\u00f3 estad\u00edstica per analitzar la visibilitat dels diversos continguts del lloc web, no obstant, depenent de la informaci\u00f3 que contingui i de la forma que es faci \u00fas en el seu equip, poden utilitzar-se per identificar l\u2019usuari.<\/p><p>A continuaci\u00f3, us donem informaci\u00f3 sobre quines cookies utilitza aquest lloc web aix\u00ed com de la forma de controlar la gesti\u00f3 de cookies i de com eliminar-les completament.<\/p><p><u>Cookies que utilitza aquest lloc web:<\/u><\/p><p>El nostre web fa \u00fas de cookies dels seg\u00fcents tipus:<\/p><table width=\"567\"><tbody><tr><td width=\"128\"><p><strong>Tipus de cookies<\/strong><\/p><\/td><td width=\"245\"><p><strong>Finalitat<\/strong><\/p><\/td><td width=\"186\"><p><strong>Conservaci\u00f3 <\/strong><\/p><\/td><\/tr><tr><td width=\"128\"><p>\u00a0<\/p><p><strong>Cookies t\u00e8cniques<\/strong><\/p><\/td><td width=\"245\"><p>Cookies pr\u00f2pies i de tercers\u00a0 necess\u00e0ries per a l&#8217;\u00fas de la web i millorar el servei de manera continua, permetent a l\u2019usuari navegar a trav\u00e9s de la p\u00e0gina web i fer \u00fas dels serveis posats a disposici\u00f3: inici de sessi\u00f3, proc\u00e9s de cerca, tr\u00e0mits electr\u00f2nics, acceptaci\u00f3 de les cookies, etc.<\/p><\/td><td width=\"186\"><p>Per\u00edode de conservaci\u00f3 m\u00e0xim d\u20191 any. Transcorregut aquest per\u00edode les cookies s\u2019eliminaran.<\/p><p>\u00a0<\/p><\/td><\/tr><tr><td width=\"128\"><p>\u00a0<\/p><p>\u00a0<\/p><p><strong>Cookies anal\u00edtiques<\/strong><\/p><\/td><td width=\"245\"><p>\u00a0<\/p><p>Cookie de tercers (Google Analytics) \u00a0utilitzades \u00fanicament per a quantificar el n\u00famero d\u2019usuaris que accedeixen a aquest portal, facilitant la realitzaci\u00f3 de mesuraments i an\u00e0lisis estad\u00edstiques que permeten millorar els serveis del lloc web. Es tracten dades agregades sense identificar als usuaris.<\/p><\/td><td width=\"186\"><p>\u00a0<\/p><p>Per\u00edode de conservaci\u00f3 de 2 anys. Transcorregut aquest per\u00edode les cookies s\u2019eliminaran<\/p><\/td><\/tr><\/tbody><\/table><p>Mitjan\u00e7ant l\u2019\u00fas de les nostres cookies no es porten a terme elaboraci\u00f3 de perfils ni tractament que impliquin decisions automatitzades amb efectes jur\u00eddics per a l\u2019usuari o que l\u2019afectin significativament de manera similar.<\/p><p><u>Transfer\u00e8ncia internacional de dades<\/u><\/p><p>No es realitzen transfer\u00e8ncies internacional de dades personals.<\/p><p>Encara que la informaci\u00f3 extreta de les cookies anal\u00edtiques es transfereixin fora de de l\u2019Espai Econ\u00f2mic Europeu (Google Analytics), no es realitza una transfer\u00e8ncia internacional de dades personals, ja que aquesta informaci\u00f3 no en permet identificar als usuaris ni s\u2019utilitza per a distingir a uns usuaris d\u2019altres ni es realitza un seguiment individualitzat dels mateixos.<\/p><p><u>Per\u00edode de conservaci\u00f3 de les cookies<\/u><\/p><p>Les cookies es conservaran un per\u00edode\u00a0 m\u00e0xim de 2 anys. L\u2019usuari pot revocar el seu consentiment mitjan\u00e7ant els mecanismes que es descriuen en el seg\u00fcent apartat, esborrant total o parcialment les cookies que consideri.<\/p><p><u>Com es poden administrar les cookies al navegador?<\/u><\/p><p>La instal\u00b7laci\u00f3 de cookies es realitza sempre i quan l\u2019usuari autoritzi en el seu navegador la seva instal\u00b7laci\u00f3, tant en les seves p\u00e0gines como en les enlla\u00e7ades o referenciades mitjan\u00e7ant links, sense recollir en cap moment dades personals ni confidencials de l\u2019usuari ni perfiles de comportament i garantint l\u2019anonimat de l\u2019usuari.<\/p><p>La instal\u00b7laci\u00f3 de cookies es realitza \u00fanicament quan l\u2019usuari ACCEPTA l\u2019\u00fas de les mateixes en el primer acc\u00e9s al portal web mitjan\u00e7ant una finestra petita informativa, on podr\u00e0 configurar l\u2019acceptaci\u00f3 de les cookies que no siguin imprescindibles per al funcionament de la web.<\/p><p>L\u2019usuari en qualsevol moment pot denegar o revocar el consentiment per a l\u2019\u00fas de cookies. Aquells usuaris que no desitgin rebre cookies, delimitar la instal\u00b7laci\u00f3 de determinades cookies o vulguin ser informats de la seva fixaci\u00f3, poden configurar el seu navegador a aquest efecte.<\/p><p>L&#8217;usuari pot gestionar les cookies instal\u00b7lades al seu equip mitjan\u00e7ant la configuraci\u00f3 de les opcions del navegador. A continuaci\u00f3 us mostrem com podeu canviar la configuraci\u00f3 de les cookies als principals navegadors del mercat per a la seva versi\u00f3 de PC.<\/p><p>Les instruccions per a la gesti\u00f3 de cookies dels navegadors m\u00e9s habituals les pot trobar en els seg\u00fcents enlla\u00e7os:<\/p><ul><li><a href=\"https:\/\/support.google.com\/chrome\/answer\/95647?hl=ca\" target=\"_blank\" rel=\"noopener\">Google Chrome<\/a>.<\/li><li><a href=\"http:\/\/support.mozilla.org\/ca\/kb\/enable-and-disable-cookies-website-preferences\" target=\"_blank\" rel=\"noopener\">Mozilla Firefox<\/a>.<\/li><li><a href=\"http:\/\/windows.microsoft.com\/es-es\/internet-explorer\/delete-manage-cookies\" target=\"_blank\" rel=\"noopener\">Internet Explorer<\/a>.<\/li><li><a href=\"https:\/\/support.apple.com\/es-es\/guide\/safari\/sfri11471\/mac\" target=\"_blank\" rel=\"noopener\">Safari<\/a><\/li><li><a href=\"https:\/\/www.allaboutcookies.org\/es\/administrar-las-cookies\/opera.html\" target=\"_blank\" rel=\"noopener\">Opera<\/a><\/li><\/ul><p>En cas que utilitzeu altres navegadors o plataformes, si us plau, consulteu la documentaci\u00f3 espec\u00edfica subministrada per l&#8217;empresa desenvolupadora del navegador.<\/p><p>Si bloquegeu l&#8217;\u00fas de cookies al vostre navegador \u00e9s possible que alguns serveis o funcionalitats de la p\u00e0gina web no estiguin disponibles.<\/p><p>\u00a0<\/p>\t\t\t\t\t\t\t\t<\/div>\n\t\t\t\t<\/div>\n\t\t\t\t\t<\/div>\n\t\t\t\t<\/div>\n\t\t\t\t<\/div>","protected":false},"excerpt":{"rendered":"<p>En compliment de l\u2019article 22 de la Llei de Serveis de la Societat de la Informaci\u00f3 i Comer\u00e7 Electr\u00f2nic i la Guia de l\u2019\u00fas de les Cookies de l\u2019AEPD, l\u2019informem que aquest portal web utilitza cookies. Les cookies s\u00f3n petits arxius de text en els quals els navegadors emmagatzemen informaci\u00f3 durant les visites a les [&hellip;]<\/p>\n","protected":false},"author":2,"featured_media":0,"parent":0,"menu_order":0,"comment_status":"closed","ping_status":"closed","template":"","meta":{"_acf_changed":false,"footnotes":""},"class_list":["post-1227","page","type-page","status-publish","hentry"],"acf":[],"_links":{"self":[{"href":"https:\/\/www.fundaciollarmontmelo.cat\/es\/wp-json\/wp\/v2\/pages\/1227","targetHints":{"allow":["GET"]}}],"collection":[{"href":"https:\/\/www.fundaciollarmontmelo.cat\/es\/wp-json\/wp\/v2\/pages"}],"about":[{"href":"https:\/\/www.fundaciollarmontmelo.cat\/es\/wp-json\/wp\/v2\/types\/page"}],"author":[{"embeddable":true,"href":"https:\/\/www.fundaciollarmontmelo.cat\/es\/wp-json\/wp\/v2\/users\/2"}],"replies":[{"embeddable":true,"href":"https:\/\/www.fundaciollarmontmelo.cat\/es\/wp-json\/wp\/v2\/comments?post=1227"}],"version-history":[{"count":5,"href":"https:\/\/www.fundaciollarmontmelo.cat\/es\/wp-json\/wp\/v2\/pages\/1227\/revisions"}],"predecessor-version":[{"id":1348,"href":"https:\/\/www.fundaciollarmontmelo.cat\/es\/wp-json\/wp\/v2\/pages\/1227\/revisions\/1348"}],"wp:attachment":[{"href":"https:\/\/www.fundaciollarmontmelo.cat\/es\/wp-json\/wp\/v2\/media?parent=1227"}],"curies":[{"name":"wp","href":"https:\/\/api.w.org\/{rel}","templated":true}]}}